{"id":150,"date":"2025-05-08T15:39:09","date_gmt":"2025-05-08T13:39:09","guid":{"rendered":"https:\/\/foerderverein-ifb.de\/?page_id=150"},"modified":"2026-02-05T15:24:30","modified_gmt":"2026-02-05T14:24:30","slug":"jetzt-mitglied-werden","status":"publish","type":"page","link":"https:\/\/foerderverein-ifb.de\/index.php\/jetzt-mitglied-werden\/","title":{"rendered":"Mitglied werden"},"content":{"rendered":"\n<p><\/p>\n\n\n\n<p><strong>Warum Ihre Unterst\u00fctzung wichtig ist<\/strong><br>Viele dieser Angebote w\u00e4ren ohne zus\u00e4tzliche Mittel nicht realisierbar. <br>Als F\u00f6rderverein schaffen wir Raum f\u00fcr Lebensfreude, Entwicklung und echte Teilhabe.<br>Durch Ihre Hilfe &#8211; sei es durch eine Mitgliedschaft, eine Spende oder aktives Mitwirken &#8211; erm\u00f6glichen Sie konkrete Verbesserungen im Alltag vieler Menschen.<br><br><strong>Helfen Sie uns mit Ihrem F\u00f6rderbeitrag:<\/strong><br>Mit einem j\u00e4hrlichen Mindestbeitrag von <strong>30\u20ac f\u00fcr Personen und 240\u20ac f\u00fcr Organisationen<\/strong> f\u00f6rdern Sie das soziale Angebot f\u00fcr Menschen in unserer Gesellschaft.<br><br><strong>Ein kleiner Beitrag mit gro\u00dfer Wirkung<\/strong><br>Ihre Hilfe f\u00fcr besondere Menschen in Ihrer Nachbarschaft.<br>Ihr Mitgliedsbeitrag kommt zu 100% direkt bei den Projekten an.<br>Sie k\u00f6nnen die Mitgliedsbeitr\u00e4ge als Sonderausgaben steuerlich geltend machen. <br>Auf Wunsch erhalten Sie gerne eine Zuwendungsbest\u00e4tigung. <br><br><strong>Gemeinsam stark: Mitglied werden<\/strong><br>Machen Sie mit und setzen Sie ein Zeichen f\u00fcr gelebte Inklusion.<br>Ihr Engagement z\u00e4hlt &#8211; und kommt direkt dort an, wo es gebraucht wird.<\/p>\n\n\n\n<iframe src=\"https:\/\/foerderverein-ifb.de\/wp-content\/uploads\/2026\/02\/Foerderverein_Beitrittserklaerung-25.pdf\" title=\"description\" style=\"width: 100%; height: 1000px;\"><\/iframe>\n\n\n\n<figure class=\"wp-block-gallery has-nested-images columns-default is-cropped wp-block-gallery-1 is-layout-flex wp-block-gallery-is-layout-flex\"><\/figure>\n\n\n\n<h4 class=\"wp-block-heading\"><\/h4>\n\n\n\n<p class=\"has-white-color has-cool-to-warm-spectrum-gradient-background has-text-color has-background has-link-color wp-elements-20773bb74b435e3d69176fef84820cee\"><strong>KONTOVERBINDUNG F\u00d6RDERVEREIN<\/strong><br><br><strong>IBAN<\/strong>&nbsp;DE87 5109 0000 0000 3040 00<br><strong>BIC<\/strong>&nbsp;WIBADE5WXXX<br>Wiesbaden Volksbank eG<br>Schillerplatz 4<br>65185 Wiesbaden<\/p>\n","protected":false},"excerpt":{"rendered":"<p>Warum Ihre Unterst\u00fctzung wichtig istViele dieser Angebote w\u00e4ren ohne zus\u00e4tzliche Mittel nicht realisierbar. Als F\u00f6rderverein schaffen wir Raum f\u00fcr Lebensfreude, Entwicklung und echte Teilhabe.Durch Ihre [&hellip;]<\/p>\n","protected":false},"author":3,"featured_media":0,"parent":0,"menu_order":0,"comment_status":"closed","ping_status":"closed","template":"","meta":{"footnotes":""},"class_list":["post-150","page","type-page","status-publish","hentry"],"_links":{"self":[{"href":"https:\/\/foerderverein-ifb.de\/index.php\/wp-json\/wp\/v2\/pages\/150","targetHints":{"allow":["GET"]}}],"collection":[{"href":"https:\/\/foerderverein-ifb.de\/index.php\/wp-json\/wp\/v2\/pages"}],"about":[{"href":"https:\/\/foerderverein-ifb.de\/index.php\/wp-json\/wp\/v2\/types\/page"}],"author":[{"embeddable":true,"href":"https:\/\/foerderverein-ifb.de\/index.php\/wp-json\/wp\/v2\/users\/3"}],"replies":[{"embeddable":true,"href":"https:\/\/foerderverein-ifb.de\/index.php\/wp-json\/wp\/v2\/comments?post=150"}],"version-history":[{"count":21,"href":"https:\/\/foerderverein-ifb.de\/index.php\/wp-json\/wp\/v2\/pages\/150\/revisions"}],"predecessor-version":[{"id":265,"href":"https:\/\/foerderverein-ifb.de\/index.php\/wp-json\/wp\/v2\/pages\/150\/revisions\/265"}],"wp:attachment":[{"href":"https:\/\/foerderverein-ifb.de\/index.php\/wp-json\/wp\/v2\/media?parent=150"}],"curies":[{"name":"wp","href":"https:\/\/api.w.org\/{rel}","templated":true}]}}