{"id":48,"date":"2025-05-05T13:02:57","date_gmt":"2025-05-05T11:02:57","guid":{"rendered":"https:\/\/foerderverein-ifb.de\/?page_id=48"},"modified":"2025-05-13T11:47:12","modified_gmt":"2025-05-13T09:47:12","slug":"impressum","status":"publish","type":"page","link":"https:\/\/foerderverein-ifb.de\/index.php\/impressum\/","title":{"rendered":"Impressum"},"content":{"rendered":"\n<h1 class=\"wp-block-heading\"><\/h1>\n\n\n\n<p>gem\u00e4\u00df Telemediengesetz (TMG) \u00a7 5<\/p>\n\n\n\n<h2 class=\"wp-block-heading\">F\u00f6rderverein des IFB e.V.<br>Storchenallee 2<br>65201 Wiesbaden<br>&nbsp;<\/h2>\n\n\n\n<p><\/p>\n\n\n\n<h3 class=\"wp-block-heading\"><\/h3>\n\n\n\n<p><strong>Vorstand<\/strong><br>Melissa Groh<\/p>\n\n\n\n<figure class=\"wp-block-table\"><table class=\"has-fixed-layout\"><tbody><tr><td>E-Mail:<\/td><td><a href=\"https:\/\/ifb-stiftung.de\/impressum#\">melissa.groh@ifbev.de<\/a><\/td><\/tr><tr><td>Telefon:<\/td><td>01722882958<\/td><\/tr><\/tbody><\/table><\/figure>\n\n\n\n<p><br><strong>Aufgrund der Gemeinn\u00fctzigkeit Steuerbefreit<\/strong><\/p>\n\n\n\n<p><strong>Redaktionelle Verantwortung<\/strong><br>Melissa Groh<\/p>\n\n\n\n<figure class=\"wp-block-table\"><table class=\"has-fixed-layout\"><tbody><tr><td>E-Mail:<\/td><td><a href=\"https:\/\/ifb-stiftung.de\/impressum#\">melissa.groh@ifbev.de<\/a><\/td><\/tr><\/tbody><\/table><\/figure>\n\n\n\n<h4 class=\"wp-block-heading\"><\/h4>\n\n\n\n<p><strong>Haftungshinweis<\/strong><br>Die Texte, Grafiken und Fotos auf diesen Seiten unterliegen dem deutschen Urheberrecht. Jede Art der kommerziellen Verwertung, insbesondere der Bearbeitung, Verbreitung und Vervielf\u00e4ltigung ist nur mit schriftlicher Zustimmung gestattet. Beitr\u00e4ge Dritter sind als solche gekennzeichnet.<\/p>\n\n\n\n<p><strong>Bildnachweis<\/strong><br>Teile der auf dieser Website verwendeten Bilder stammen von <strong>iStockphoto<\/strong> (<a class=\"\" href=\"http:\/\/www.istockphoto.com\">www.istockphoto.com<\/a>) und wurden ordnungsgem\u00e4\u00df lizenziert.<br>Weitere Fotos wurden von Mitgliedern des F\u00f6rdervereins IFB e.V. selbst aufgenommen.<\/p>\n\n\n\n<p><strong>Technische Umsetzung<\/strong><br>F\u00f6rderverein des IFB e.V. <br>Storchenallee 2<br>65201 Wiesbaden<\/p>\n\n\n\n<p><a href=\"https:\/\/foerderverein-ifb.de\">https:\/\/foerderverein-ifb.de<\/a><\/p>\n\n\n\n<p><\/p>\n\n\n\n<p><\/p>\n","protected":false},"excerpt":{"rendered":"<p>gem\u00e4\u00df Telemediengesetz (TMG) \u00a7 5 F\u00f6rderverein des IFB e.V.Storchenallee 265201 Wiesbaden&nbsp; VorstandMelissa Groh E-Mail: melissa.groh@ifbev.de Telefon: 01722882958 Aufgrund der Gemeinn\u00fctzigkeit Steuerbefreit Redaktionelle VerantwortungMelissa Groh E-Mail: [&hellip;]<\/p>\n","protected":false},"author":1,"featured_media":0,"parent":0,"menu_order":0,"comment_status":"closed","ping_status":"closed","template":"","meta":{"footnotes":""},"class_list":["post-48","page","type-page","status-publish","hentry"],"_links":{"self":[{"href":"https:\/\/foerderverein-ifb.de\/index.php\/wp-json\/wp\/v2\/pages\/48","targetHints":{"allow":["GET"]}}],"collection":[{"href":"https:\/\/foerderverein-ifb.de\/index.php\/wp-json\/wp\/v2\/pages"}],"about":[{"href":"https:\/\/foerderverein-ifb.de\/index.php\/wp-json\/wp\/v2\/types\/page"}],"author":[{"embeddable":true,"href":"https:\/\/foerderverein-ifb.de\/index.php\/wp-json\/wp\/v2\/users\/1"}],"replies":[{"embeddable":true,"href":"https:\/\/foerderverein-ifb.de\/index.php\/wp-json\/wp\/v2\/comments?post=48"}],"version-history":[{"count":24,"href":"https:\/\/foerderverein-ifb.de\/index.php\/wp-json\/wp\/v2\/pages\/48\/revisions"}],"predecessor-version":[{"id":246,"href":"https:\/\/foerderverein-ifb.de\/index.php\/wp-json\/wp\/v2\/pages\/48\/revisions\/246"}],"wp:attachment":[{"href":"https:\/\/foerderverein-ifb.de\/index.php\/wp-json\/wp\/v2\/media?parent=48"}],"curies":[{"name":"wp","href":"https:\/\/api.w.org\/{rel}","templated":true}]}}