{"id":60,"date":"2025-05-08T10:27:39","date_gmt":"2025-05-08T08:27:39","guid":{"rendered":"https:\/\/foerderverein-ifb.de\/?page_id=60"},"modified":"2025-05-13T11:57:07","modified_gmt":"2025-05-13T09:57:07","slug":"wer-wir-sind","status":"publish","type":"page","link":"https:\/\/foerderverein-ifb.de\/","title":{"rendered":"Was wir tun"},"content":{"rendered":"\n<p><\/p>\n\n\n\n<figure class=\"wp-block-image size-full is-resized\"><img loading=\"lazy\" decoding=\"async\" width=\"612\" height=\"408\" src=\"https:\/\/foerderverein-ifb.de\/wp-content\/uploads\/2025\/05\/Foto-Behindertes-Maedchen.jpg\" alt=\"\" class=\"wp-image-148\" style=\"width:832px;height:auto\" srcset=\"https:\/\/foerderverein-ifb.de\/wp-content\/uploads\/2025\/05\/Foto-Behindertes-Maedchen.jpg 612w, https:\/\/foerderverein-ifb.de\/wp-content\/uploads\/2025\/05\/Foto-Behindertes-Maedchen-300x200.jpg 300w\" sizes=\"auto, (max-width: 612px) 100vw, 612px\" \/><\/figure>\n\n\n\n<p><br><strong>Gemeinsam f\u00fcr ein selbstbestimmtes Leben<\/strong><br><br>Seit \u00fcber 60 Jahren setzt sich die IFB daf\u00fcr ein, Menschen mit Behinderung in jeder Lebensphase ein selbstbestimmtes und w\u00fcrdiges Leben zu erm\u00f6glichen. Ob durch inklusive Kinderg\u00e4rten, barrierefreie Freizeitangebote, betreutes Wohnen oder vielf\u00e4ltige Arbeitsm\u00f6glichkeiten &#8211; die IFB ist ein unverzichtbarer Teil unserer Gesellschaft.<\/p>\n\n\n\n<p><br><strong>Chronik der IFB-Stiftung<\/strong><br><br>60 Jahre IFB.<br>Die Chronik zeigt, wie aus einem Elternverein ein inklusives Netzwerk entstanden ist.<br>Durch engagierte Mitb\u00fcrger, Unternehmen und mutige Politiker konnten wir in den letzten Jahrzehnten viel erreichen. Inzwischen ist die IFB ein gro\u00dfer Arbeitgeber mit 1.200 Mitarbeitenden an 65 Standorten.<br>Dabei haben wir uns ganz dem Ziel verschrieben, den k\u00f6rperlich und geistig beeintr\u00e4chtigten Menschen, die wir in unseren Einrichtungen und zu Hause unterst\u00fctzen, ein selbstbestimmtes, m\u00f6glichst eigenst\u00e4ndiges Leben zu erm\u00f6glichen.<\/p>\n\n\n\n<figure class=\"wp-block-image size-large\"><img loading=\"lazy\" decoding=\"async\" width=\"1024\" height=\"661\" src=\"https:\/\/foerderverein-ifb.de\/wp-content\/uploads\/2025\/05\/Chronik-50-1-2-1024x661.jpg\" alt=\"\" class=\"wp-image-139\" srcset=\"https:\/\/foerderverein-ifb.de\/wp-content\/uploads\/2025\/05\/Chronik-50-1-2-1024x661.jpg 1024w, https:\/\/foerderverein-ifb.de\/wp-content\/uploads\/2025\/05\/Chronik-50-1-2-300x194.jpg 300w, https:\/\/foerderverein-ifb.de\/wp-content\/uploads\/2025\/05\/Chronik-50-1-2-768x496.jpg 768w, https:\/\/foerderverein-ifb.de\/wp-content\/uploads\/2025\/05\/Chronik-50-1-2-1536x992.jpg 1536w, https:\/\/foerderverein-ifb.de\/wp-content\/uploads\/2025\/05\/Chronik-50-1-2-2048x1323.jpg 2048w\" sizes=\"auto, (max-width: 1024px) 100vw, 1024px\" \/><\/figure>\n\n\n\n<p><br><br><strong>Der F\u00f6rderverein der IFB e.V. \u2013 Wir machen mehr m\u00f6glich<\/strong><br><br>Als F\u00f6rderverein begleiten und unterst\u00fctzen wir die Arbeit der IFB ideell und finanziell. <br>Unsere Aufgabe ist es, dort einzuspringen, wo staatliche oder regul\u00e4re Mittel nicht ausreichen \u2013 unb\u00fcrokratisch, wirkungsvoll und nah an den Bed\u00fcrfnissen der Menschen.<\/p>\n\n\n\n<p>Wir f\u00f6rdern Projekte, die Inklusion im Alltag greifbar machen:<\/p>\n\n\n\n<ul class=\"wp-block-list\">\n<li>spezielle Freizeitma\u00dfnahmen und Ausfl\u00fcge,<\/li>\n\n\n\n<li>barrierefreie Ausstattung von Einrichtungen,<\/li>\n\n\n\n<li>Anschaffung von Hilfsmitteln,<\/li>\n\n\n\n<li>kulturelle und kreative Angebote f\u00fcr Kinder, Jugendliche und Erwachsene mit Behinderung.<\/li>\n<\/ul>\n\n\n\n<p class=\"has-text-align-left\">\ud83d\udc49 <a href=\"https:\/\/ifb-stiftung.de\/fileadmin\/user_ifb_stiftung\/Bilder\/2024\/Dateien\/Foerderverein.pdf\" data-type=\"link\" data-id=\"https:\/\/ifb-stiftung.de\/fileadmin\/user_ifb_stiftung\/Bilder\/2024\/Dateien\/Foerderverein.pdf\">Flyer F\u00f6rderverein<\/a><\/p>\n\n\n\n<p><\/p>\n","protected":false},"excerpt":{"rendered":"<p>Gemeinsam f\u00fcr ein selbstbestimmtes Leben Seit \u00fcber 60 Jahren setzt sich die IFB daf\u00fcr ein, Menschen mit Behinderung in jeder Lebensphase ein selbstbestimmtes und w\u00fcrdiges [&hellip;]<\/p>\n","protected":false},"author":3,"featured_media":136,"parent":0,"menu_order":0,"comment_status":"closed","ping_status":"closed","template":"","meta":{"footnotes":""},"class_list":["post-60","page","type-page","status-publish","has-post-thumbnail","hentry"],"_links":{"self":[{"href":"https:\/\/foerderverein-ifb.de\/index.php\/wp-json\/wp\/v2\/pages\/60","targetHints":{"allow":["GET"]}}],"collection":[{"href":"https:\/\/foerderverein-ifb.de\/index.php\/wp-json\/wp\/v2\/pages"}],"about":[{"href":"https:\/\/foerderverein-ifb.de\/index.php\/wp-json\/wp\/v2\/types\/page"}],"author":[{"embeddable":true,"href":"https:\/\/foerderverein-ifb.de\/index.php\/wp-json\/wp\/v2\/users\/3"}],"replies":[{"embeddable":true,"href":"https:\/\/foerderverein-ifb.de\/index.php\/wp-json\/wp\/v2\/comments?post=60"}],"version-history":[{"count":42,"href":"https:\/\/foerderverein-ifb.de\/index.php\/wp-json\/wp\/v2\/pages\/60\/revisions"}],"predecessor-version":[{"id":250,"href":"https:\/\/foerderverein-ifb.de\/index.php\/wp-json\/wp\/v2\/pages\/60\/revisions\/250"}],"wp:featuredmedia":[{"embeddable":true,"href":"https:\/\/foerderverein-ifb.de\/index.php\/wp-json\/wp\/v2\/media\/136"}],"wp:attachment":[{"href":"https:\/\/foerderverein-ifb.de\/index.php\/wp-json\/wp\/v2\/media?parent=60"}],"curies":[{"name":"wp","href":"https:\/\/api.w.org\/{rel}","templated":true}]}}